{"id":122,"date":"2018-10-31T05:21:07","date_gmt":"2018-10-31T05:21:07","guid":{"rendered":"https:\/\/www.satb.sk\/?page_id=122"},"modified":"2018-10-31T05:21:07","modified_gmt":"2018-10-31T05:21:07","slug":"magazin","status":"publish","type":"page","link":"https:\/\/www.satb.sk\/index.php\/magazin\/","title":{"rendered":"MAGAZ\u00cdN"},"content":{"rendered":"","protected":false},"excerpt":{"rendered":"","protected":false},"author":1,"featured_media":0,"parent":0,"menu_order":0,"comment_status":"closed","ping_status":"closed","template":"","meta":{"om_disable_all_campaigns":false,"_monsterinsights_skip_tracking":false,"_monsterinsights_sitenote_active":false,"_monsterinsights_sitenote_note":"","_monsterinsights_sitenote_category":0,"spay_email":"","footnotes":""},"class_list":["post-122","page","type-page","status-publish","hentry"],"aioseo_notices":[],"jetpack_sharing_enabled":true,"jetpack_shortlink":"https:\/\/wp.me\/Pav5wC-1Y","jetpack-related-posts":[{"id":407,"url":"https:\/\/www.satb.sk\/index.php\/magazin\/rozhovory\/","url_meta":{"origin":122,"position":0},"title":"ROZHOVORY","date":"30 novembra, 2018","format":false,"excerpt":"","rel":"","context":"Podobn\u00fd pr\u00edspevok","img":{"alt_text":"","src":"","width":0,"height":0},"classes":[]},{"id":410,"url":"https:\/\/www.satb.sk\/index.php\/magazin\/ocami-zborov\/","url_meta":{"origin":122,"position":1},"title":"O\u010cAMI ZBOROV","date":"30 novembra, 2018","format":false,"excerpt":"","rel":"","context":"Podobn\u00fd pr\u00edspevok","img":{"alt_text":"","src":"","width":0,"height":0},"classes":[]},{"id":714,"url":"https:\/\/www.satb.sk\/index.php\/magazin\/notovy-material\/","url_meta":{"origin":122,"position":2},"title":"NOTOV\u00dd MATERI\u00c1L","date":"21 janu\u00e1ra, 2019","format":false,"excerpt":"ZO ZBOROVEJ KNI\u017dNICE ADVENTN\u00dd KALEND\u00c1R","rel":"","context":"Podobn\u00fd pr\u00edspevok","img":{"alt_text":"","src":"","width":0,"height":0},"classes":[]},{"id":717,"url":"https:\/\/www.satb.sk\/index.php\/magazin\/notovy-material\/zo-zborovej-kniznice\/","url_meta":{"origin":122,"position":3},"title":"ZO ZBOROVEJ KNI\u017dNICE","date":"21 janu\u00e1ra, 2019","format":false,"excerpt":"","rel":"","context":"Podobn\u00fd pr\u00edspevok","img":{"alt_text":"","src":"","width":0,"height":0},"classes":[]},{"id":4729,"url":"https:\/\/www.satb.sk\/index.php\/magazin\/notovy-material\/adventny-kalendar\/","url_meta":{"origin":122,"position":4},"title":"ADVENTN\u00dd KALEND\u00c1R","date":"1 decembra, 2019","format":false,"excerpt":"ADVENTN\u00dd KALEND\u00c1R 2019 ADVENTN\u00dd KALEND\u00c1R 2018 \u00a0","rel":"","context":"Podobn\u00fd pr\u00edspevok","img":{"alt_text":"","src":"","width":0,"height":0},"classes":[]},{"id":5953,"url":"https:\/\/www.satb.sk\/index.php\/magazin\/notovy-material\/adventny-kalendar\/adventny-kalendar-2021\/","url_meta":{"origin":122,"position":5},"title":"ADVENTN\u00dd KALEND\u00c1R 2021","date":"1 decembra, 2021","format":false,"excerpt":"","rel":"","context":"Podobn\u00fd pr\u00edspevok","img":{"alt_text":"","src":"","width":0,"height":0},"classes":[]}],"_links":{"self":[{"href":"https:\/\/www.satb.sk\/index.php\/wp-json\/wp\/v2\/pages\/122"}],"collection":[{"href":"https:\/\/www.satb.sk\/index.php\/wp-json\/wp\/v2\/pages"}],"about":[{"href":"https:\/\/www.satb.sk\/index.php\/wp-json\/wp\/v2\/types\/page"}],"author":[{"embeddable":true,"href":"https:\/\/www.satb.sk\/index.php\/wp-json\/wp\/v2\/users\/1"}],"replies":[{"embeddable":true,"href":"https:\/\/www.satb.sk\/index.php\/wp-json\/wp\/v2\/comments?post=122"}],"version-history":[{"count":1,"href":"https:\/\/www.satb.sk\/index.php\/wp-json\/wp\/v2\/pages\/122\/revisions"}],"predecessor-version":[{"id":124,"href":"https:\/\/www.satb.sk\/index.php\/wp-json\/wp\/v2\/pages\/122\/revisions\/124"}],"wp:attachment":[{"href":"https:\/\/www.satb.sk\/index.php\/wp-json\/wp\/v2\/media?parent=122"}],"curies":[{"name":"wp","href":"https:\/\/api.w.org\/{rel}","templated":true}]}}