{"id":410,"date":"2018-11-30T14:12:41","date_gmt":"2018-11-30T14:12:41","guid":{"rendered":"https:\/\/www.satb.sk\/?page_id=410"},"modified":"2018-11-30T14:12:53","modified_gmt":"2018-11-30T14:12:53","slug":"ocami-zborov","status":"publish","type":"page","link":"https:\/\/www.satb.sk\/index.php\/magazin\/ocami-zborov\/","title":{"rendered":"O\u010cAMI ZBOROV"},"content":{"rendered":"","protected":false},"excerpt":{"rendered":"","protected":false},"author":1,"featured_media":0,"parent":122,"menu_order":0,"comment_status":"closed","ping_status":"closed","template":"","meta":{"om_disable_all_campaigns":false,"_monsterinsights_skip_tracking":false,"_monsterinsights_sitenote_active":false,"_monsterinsights_sitenote_note":"","_monsterinsights_sitenote_category":0,"spay_email":"","footnotes":""},"class_list":["post-410","page","type-page","status-publish","hentry"],"aioseo_notices":[],"jetpack_sharing_enabled":true,"jetpack_shortlink":"https:\/\/wp.me\/Pav5wC-6C","jetpack-related-posts":[{"id":667,"url":"https:\/\/www.satb.sk\/index.php\/newsletter\/prihlasit-sa-na-odber\/","url_meta":{"origin":410,"position":0},"title":"PRIHL\u00c1SI\u0164 SA NA ODBER NEWSLETTRA","date":"20 janu\u00e1ra, 2019","format":false,"excerpt":"Chcete ma\u0165 preh\u013ead o tom, \u010do sa deje v oblasti zborov\u00e9ho spevu doma i v zahrani\u010d\u00ed? Prihl\u00e1ste sa na odber na\u0161ich newslettrov. Ka\u017ed\u00fd mesiac v\u00e1m priamo do va\u0161ej emailovej schr\u00e1nky po\u0161leme aktu\u00e1lne inform\u00e1cie zo \u017eivota spev\u00e1ckych zborov. Prihl\u00e1ste sa e\u0161te dnes! \u00a0 PRE\u010c\u00cdTAJTE SI PREDCH\u00c1DZAJ\u00daCE NEWSLETTRE","rel":"","context":"Podobn\u00fd pr\u00edspevok","img":{"alt_text":"","src":"","width":0,"height":0},"classes":[]}],"_links":{"self":[{"href":"https:\/\/www.satb.sk\/index.php\/wp-json\/wp\/v2\/pages\/410"}],"collection":[{"href":"https:\/\/www.satb.sk\/index.php\/wp-json\/wp\/v2\/pages"}],"about":[{"href":"https:\/\/www.satb.sk\/index.php\/wp-json\/wp\/v2\/types\/page"}],"author":[{"embeddable":true,"href":"https:\/\/www.satb.sk\/index.php\/wp-json\/wp\/v2\/users\/1"}],"replies":[{"embeddable":true,"href":"https:\/\/www.satb.sk\/index.php\/wp-json\/wp\/v2\/comments?post=410"}],"version-history":[{"count":1,"href":"https:\/\/www.satb.sk\/index.php\/wp-json\/wp\/v2\/pages\/410\/revisions"}],"predecessor-version":[{"id":412,"href":"https:\/\/www.satb.sk\/index.php\/wp-json\/wp\/v2\/pages\/410\/revisions\/412"}],"up":[{"embeddable":true,"href":"https:\/\/www.satb.sk\/index.php\/wp-json\/wp\/v2\/pages\/122"}],"wp:attachment":[{"href":"https:\/\/www.satb.sk\/index.php\/wp-json\/wp\/v2\/media?parent=410"}],"curies":[{"name":"wp","href":"https:\/\/api.w.org\/{rel}","templated":true}]}}