{"id":4729,"date":"2019-12-01T14:38:29","date_gmt":"2019-12-01T14:38:29","guid":{"rendered":"https:\/\/www.satb.sk\/?page_id=4729"},"modified":"2019-12-02T13:10:20","modified_gmt":"2019-12-02T13:10:20","slug":"adventny-kalendar","status":"publish","type":"page","link":"https:\/\/www.satb.sk\/index.php\/magazin\/notovy-material\/adventny-kalendar\/","title":{"rendered":"ADVENTN\u00dd KALEND\u00c1R"},"content":{"rendered":"<h3><a style=\"color: #33a7a4;\" href=\"https:\/\/www.satb.sk\/index.php\/category\/adventny-kalendar-2019\/\"><strong>ADVENTN\u00dd KALEND\u00c1R 2019<\/strong><\/a><\/h3>\n<h3><span style=\"color: #33a7a4;\"><a style=\"color: #33a7a4;\" href=\"https:\/\/www.satb.sk\/index.php\/category\/magazin\/adventny-kalendar-2018\/\" target=\"_blank\" rel=\"noopener\"><strong>ADVENTN\u00dd KALEND\u00c1R 2018<\/strong><\/a><\/span><\/h3>\n<h3><\/h3>\n<p>&nbsp;<\/p>\n","protected":false},"excerpt":{"rendered":"<p>ADVENTN\u00dd KALEND\u00c1R 2019 ADVENTN\u00dd KALEND\u00c1R 2018 &nbsp;<\/p>\n","protected":false},"author":1,"featured_media":0,"parent":714,"menu_order":0,"comment_status":"closed","ping_status":"closed","template":"","meta":{"om_disable_all_campaigns":false,"_monsterinsights_skip_tracking":false,"_monsterinsights_sitenote_active":false,"_monsterinsights_sitenote_note":"","_monsterinsights_sitenote_category":0,"spay_email":"","footnotes":""},"class_list":["post-4729","page","type-page","status-publish","hentry"],"aioseo_notices":[],"jetpack_sharing_enabled":true,"jetpack_shortlink":"https:\/\/wp.me\/Pav5wC-1eh","jetpack-related-posts":[{"id":5910,"url":"https:\/\/www.satb.sk\/index.php\/magazin\/notovy-material\/adventny-kalendar\/adventny-kalendar-2018-2020\/","url_meta":{"origin":4729,"position":0},"title":"ADVENTN\u00dd KALEND\u00c1R 2018 \u2013 2020","date":"17 novembra, 2021","format":false,"excerpt":"\u00a0 ADVENTN\u00dd KALEND\u00c1R 2020 ADVENTN\u00dd KALEND\u00c1R 2019 ADVENTN\u00dd KALEND\u00c1R 2018 \u00a0","rel":"","context":"Podobn\u00fd pr\u00edspevok","img":{"alt_text":"","src":"","width":0,"height":0},"classes":[]},{"id":4731,"url":"https:\/\/www.satb.sk\/index.php\/magazin\/notovy-material\/adventny-kalendar\/adventny-kalendar-2019\/","url_meta":{"origin":4729,"position":1},"title":"ADVENTN\u00dd KALEND\u00c1R 2019","date":"1 decembra, 2019","format":false,"excerpt":"","rel":"","context":"Podobn\u00fd pr\u00edspevok","img":{"alt_text":"","src":"","width":0,"height":0},"classes":[]},{"id":404,"url":"https:\/\/www.satb.sk\/index.php\/magazin\/notovy-material\/adventny-kalendar\/adventny-kalendar-2018\/","url_meta":{"origin":4729,"position":2},"title":"ADVENTN\u00dd KALEND\u00c1R 2018","date":"30 novembra, 2018","format":false,"excerpt":"","rel":"","context":"Podobn\u00fd pr\u00edspevok","img":{"alt_text":"","src":"","width":0,"height":0},"classes":[]},{"id":5953,"url":"https:\/\/www.satb.sk\/index.php\/magazin\/notovy-material\/adventny-kalendar\/adventny-kalendar-2021\/","url_meta":{"origin":4729,"position":3},"title":"ADVENTN\u00dd KALEND\u00c1R 2021","date":"1 decembra, 2021","format":false,"excerpt":"","rel":"","context":"Podobn\u00fd pr\u00edspevok","img":{"alt_text":"","src":"","width":0,"height":0},"classes":[]},{"id":714,"url":"https:\/\/www.satb.sk\/index.php\/magazin\/notovy-material\/","url_meta":{"origin":4729,"position":4},"title":"NOTOV\u00dd MATERI\u00c1L","date":"21 janu\u00e1ra, 2019","format":false,"excerpt":"ZO ZBOROVEJ KNI\u017dNICE ADVENTN\u00dd KALEND\u00c1R","rel":"","context":"Podobn\u00fd pr\u00edspevok","img":{"alt_text":"","src":"","width":0,"height":0},"classes":[]},{"id":5008,"url":"https:\/\/www.satb.sk\/index.php\/newsletter\/archiv-newslettrov\/2018-2019\/","url_meta":{"origin":4729,"position":5},"title":"ARCH\u00cdV 2018\/2019","date":"2 janu\u00e1ra, 2020","format":false,"excerpt":"December 2019 1\/12 November 2019 1\/11\u00a0 \u00a0 \u00a02\/11 Okt\u00f3ber 2019 1\/10\u00a0 \u00a0 \u00a02\/10 September 2019 1\/09\u00a0 \u00a0 \u00a02\/09 August 2019 1\/08\u00a0 \u00a0 \u00a02\/08\u00a0 \u00a0 \u00a03\/08 J\u00fal 2019 1\/07\u00a0 \u00a0 \u00a02\/07\u00a0 \u00a0 \u00a03\/07\u00a0 \u00a0 \u00a04\/07 J\u00fan 2019 1\/06\u00a0 \u00a0 \u00a02\/06 M\u00e1j 2019 1\/05\u00a0 \u00a0 \u00a02\/05\u00a0 \u00a0 \u00a03\/05\u00a0 \u00a0 \u00a04\/05 Apr\u00edl 2019\u2026","rel":"","context":"Podobn\u00fd pr\u00edspevok","img":{"alt_text":"","src":"","width":0,"height":0},"classes":[]}],"_links":{"self":[{"href":"https:\/\/www.satb.sk\/index.php\/wp-json\/wp\/v2\/pages\/4729"}],"collection":[{"href":"https:\/\/www.satb.sk\/index.php\/wp-json\/wp\/v2\/pages"}],"about":[{"href":"https:\/\/www.satb.sk\/index.php\/wp-json\/wp\/v2\/types\/page"}],"author":[{"embeddable":true,"href":"https:\/\/www.satb.sk\/index.php\/wp-json\/wp\/v2\/users\/1"}],"replies":[{"embeddable":true,"href":"https:\/\/www.satb.sk\/index.php\/wp-json\/wp\/v2\/comments?post=4729"}],"version-history":[{"count":5,"href":"https:\/\/www.satb.sk\/index.php\/wp-json\/wp\/v2\/pages\/4729\/revisions"}],"predecessor-version":[{"id":4753,"href":"https:\/\/www.satb.sk\/index.php\/wp-json\/wp\/v2\/pages\/4729\/revisions\/4753"}],"up":[{"embeddable":true,"href":"https:\/\/www.satb.sk\/index.php\/wp-json\/wp\/v2\/pages\/714"}],"wp:attachment":[{"href":"https:\/\/www.satb.sk\/index.php\/wp-json\/wp\/v2\/media?parent=4729"}],"curies":[{"name":"wp","href":"https:\/\/api.w.org\/{rel}","templated":true}]}}