{"id":5008,"date":"2020-01-02T23:08:32","date_gmt":"2020-01-02T23:08:32","guid":{"rendered":"https:\/\/www.satb.sk\/?page_id=5008"},"modified":"2020-02-10T22:34:03","modified_gmt":"2020-02-10T22:34:03","slug":"2018-2019","status":"publish","type":"page","link":"https:\/\/www.satb.sk\/index.php\/newsletter\/archiv-newslettrov\/2018-2019\/","title":{"rendered":"ARCH\u00cdV 2018\/2019"},"content":{"rendered":"<p><strong>December 2019 <br \/><\/strong><a href=\"https:\/\/mailchi.mp\/1299252c35a7\/spievame-radi-spievame-spolu-2463241\" target=\"_blank\" rel=\"noopener\">1\/12<\/a><strong> <br \/>November 2019 <br \/><\/strong><a href=\"https:\/\/mailchi.mp\/17f728b315f2\/spievame-radi-spievame-spolu-2358661\" target=\"_blank\" rel=\"noopener\">1\/11<\/a>\u00a0 \u00a0 \u00a0<a href=\"https:\/\/mailchi.mp\/17904c875cd1\/spievame-radi-spievame-spolu-2359721\" target=\"_blank\" rel=\"noopener\">2\/11<\/a> <br \/><strong>Okt\u00f3ber 2019 <br \/><\/strong><a href=\"https:\/\/mailchi.mp\/b9a2c56e3275\/spievame-radi-spievame-spolu-2353957\" target=\"_blank\" rel=\"noopener\">1\/10<\/a>\u00a0 \u00a0 \u00a0<a href=\"https:\/\/mailchi.mp\/17f728b315f2\/spievame-radi-spievame-spolu-2358661\" target=\"_blank\" rel=\"noopener\">2\/10<\/a> <strong><br \/>September 2019 <br \/><\/strong><a href=\"https:\/\/mailchi.mp\/05de80c344e6\/spievame-radi-spievame-spolu-610833\" target=\"_blank\" rel=\"noopener\">1\/09<\/a>\u00a0 \u00a0 \u00a0<a href=\"https:\/\/mailchi.mp\/7d95aa620c66\/spievame-radi-spievame-spolu-616377\" target=\"_blank\" rel=\"noopener\">2\/09<\/a> <br \/><strong>August 2019 <br \/><\/strong><a href=\"https:\/\/mailchi.mp\/b84315cf365d\/spievame-radi-spievame-spolu-585025\" target=\"_blank\" rel=\"noopener\">1\/08<\/a>\u00a0 \u00a0 \u00a0<a href=\"https:\/\/mailchi.mp\/9a3228e8f758\/spievame-radi-spievame-spolu-592173\" target=\"_blank\" rel=\"noopener\">2\/08<\/a>\u00a0 \u00a0 \u00a0<a href=\"https:\/\/mailchi.mp\/2c18775c0565\/spievame-radi-spievame-spolu-595449\" target=\"_blank\" rel=\"noopener\">3\/08<\/a><strong> <br \/>J\u00fal 2019 <\/strong><br \/><a href=\"https:\/\/mailchi.mp\/af0be761e7ea\/viete-o-je-zklad-ivota-566357\" target=\"_blank\" rel=\"noopener\">1\/07<\/a>\u00a0 \u00a0 \u00a0<a href=\"https:\/\/mailchi.mp\/c8c5358b753e\/viete-o-je-zklad-ivota-569465\" target=\"_blank\" rel=\"noopener\">2\/07<\/a>\u00a0 \u00a0 \u00a0<a href=\"https:\/\/mailchi.mp\/46ec5791a655\/spievame-radi-spievame-spolu-577361\" target=\"_blank\" rel=\"noopener\">3\/07<\/a>\u00a0 \u00a0 \u00a0<a href=\"https:\/\/mailchi.mp\/9b7fe66d4682\/spievame-radi-spievame-spolu-580937\" target=\"_blank\" rel=\"noopener\">4\/07<\/a> <br \/><strong>J\u00fan 2019 <br \/><\/strong><a href=\"https:\/\/mailchi.mp\/cf625e6458a1\/viete-o-je-zklad-ivota-546989\" target=\"_blank\" rel=\"noopener\">1\/06\u00a0<\/a> \u00a0 \u00a0<a href=\"https:\/\/mailchi.mp\/e2d0bd05a687\/viete-o-je-zklad-ivota-552073\" target=\"_blank\" rel=\"noopener\">2\/06<\/a> <br \/><strong>M\u00e1j 2019 <br \/><\/strong><a href=\"https:\/\/mailchi.mp\/c3ea683202a6\/viete-o-je-zklad-ivota-529217\" target=\"_blank\" rel=\"noopener\">1\/05<\/a>\u00a0 \u00a0 \u00a0<a href=\"https:\/\/mailchi.mp\/61606160708a\/viete-o-je-zklad-ivota-534733\" target=\"_blank\" rel=\"noopener\">2\/05<\/a>\u00a0 \u00a0 \u00a0<a href=\"https:\/\/mailchi.mp\/4e3b86a79214\/viete-o-je-zklad-ivota-539173\" target=\"_blank\" rel=\"noopener\">3\/05<\/a>\u00a0 \u00a0 \u00a0<a href=\"https:\/\/mailchi.mp\/417e4e3bece5\/viete-o-je-zklad-ivota-542881\" target=\"_blank\" rel=\"noopener\">4\/05<\/a> <br \/><strong>Apr\u00edl 2019 <br \/><\/strong><a href=\"https:\/\/mailchi.mp\/c3124c1e2490\/spievame-radi-spievame-spolu-504837\" target=\"_blank\" rel=\"noopener\">1\/04<\/a>\u00a0 \u00a0 \u00a0<a href=\"https:\/\/mailchi.mp\/c3124c1e2490\/spievame-radi-spievame-spolu-504837\" target=\"_blank\" rel=\"noopener\">2\/04<\/a>\u00a0 \u00a0 \u00a0<a href=\"https:\/\/mailchi.mp\/37f3ed329191\/viete-o-je-zklad-ivota\" target=\"_blank\" rel=\"noopener\">3\/04<\/a> <br \/><strong>Marec 2019<\/strong> <br \/><a href=\"https:\/\/mailchi.mp\/fa50db75c637\/spievame-radi-spievame-spolu-490341\" target=\"_blank\" rel=\"noopener\">1\/03<\/a>\u00a0 \u00a0 \u00a0<a href=\"https:\/\/mailchi.mp\/61466de57c51\/spievame-radi-spievame-spolu-494473\" target=\"_blank\" rel=\"noopener\">2\/03<\/a>\u00a0 \u00a0 \u00a0<a href=\"https:\/\/mailchi.mp\/90a9d85b9a19\/spievame-radi-spievame-spolu-499541\" target=\"_blank\" rel=\"noopener\">3\/03<\/a> <br \/><strong>Febru\u00e1r 2019 <br \/><\/strong><a href=\"https:\/\/mailchi.mp\/b0d2224ce700\/spievame-radi-spievame-spolu-463769\" target=\"_blank\" rel=\"noopener\">1\/02<\/a>\u00a0 \u00a0 \u00a0<a href=\"https:\/\/mailchi.mp\/9503bc0466bb\/spievame-radi-spievame-spolu-469917\" target=\"_blank\" rel=\"noopener\">2\/02<\/a>\u00a0 \u00a0 \u00a0<a href=\"https:\/\/mailchi.mp\/338e4a978938\/spievame-radi-spievame-spolu-473381\" target=\"_blank\" rel=\"noopener\">3\/02<\/a>\u00a0 \u00a0 \u00a0<a href=\"https:\/\/mailchi.mp\/532c1253ed60\/spievame-radi-spievame-spolu-478521\" target=\"_blank\" rel=\"noopener\">4\/02<\/a> <br \/><strong>Janu\u00e1r 2019 <\/strong><br \/><a href=\"https:\/\/mailchi.mp\/c07e868b1f5b\/spievame-radi-spievame-spolu-444021\" target=\"_blank\" rel=\"noopener\">1\/01<\/a>\u00a0 \u00a0 \u00a0<a href=\"https:\/\/mailchi.mp\/851c6764b8ee\/spievame-radi-spievame-spolu-454289\" target=\"_blank\" rel=\"noopener\">2\/01<\/a>\u00a0 \u00a0 \u00a0<a href=\"https:\/\/mailchi.mp\/f8c9bf669708\/spievame-radi-spievame-spolu-458077\" target=\"_blank\" rel=\"noopener\">3\/01<\/a> <\/p>\r\n<h6><strong><br \/>2018<\/strong><\/h6>\r\n<p><strong>December 2018 <br \/><\/strong><a href=\"https:\/\/mailchi.mp\/1595d6e41512\/spievame-radi-spievame-spolu-420333\">1\/12<\/a>\u00a0 \u00a0 \u00a0<a href=\"https:\/\/mailchi.mp\/250a4f17e7b6\/spievame-radi-spievame-spolu-426161\" target=\"_blank\" rel=\"noopener\">2\/12<\/a>\u00a0 \u00a0 \u00a0<a href=\"https:\/\/mailchi.mp\/b7cbd45b88e6\/spievame-radi-spievame-spolu-431877\" target=\"_blank\" rel=\"noopener\">3\/12<\/a>\u00a0 \u00a0 \u00a0<a href=\"https:\/\/mailchi.mp\/82b75d22c71e\/spievame-radi-spievame-spolu-437373\" target=\"_blank\" rel=\"noopener\">4\/12<\/a>\u00a0 \u00a0 \u00a0<a href=\"https:\/\/mailchi.mp\/dbe2611fd43b\/spievame-radi-spievame-spolu-440509\" target=\"_blank\" rel=\"noopener\">5\/12<\/a> <br \/><strong>November 2018 <br \/><\/strong><a href=\"https:\/\/mailchi.mp\/e7acff66a093\/spievame-radi-spievame-spolu\" target=\"_blank\" rel=\"noopener\">1\/11<\/a>\u00a0 \u00a0 \u00a0<a href=\"https:\/\/mailchi.mp\/214426758fbe\/spievame-radi-spievame-spolu-408969\" target=\"_blank\" rel=\"noopener\">2\/11<\/a>\u00a0 \u00a0 \u00a0<a href=\"https:\/\/mailchi.mp\/dc1c101b90ba\/spievame-radi-spievame-spolu-415285\" target=\"_blank\" rel=\"noopener\">3\/11<\/a><\/p>\r\n","protected":false},"excerpt":{"rendered":"<p>December 2019 1\/12 November 2019 1\/11\u00a0 \u00a0 \u00a02\/11 Okt\u00f3ber 2019 1\/10\u00a0 \u00a0 \u00a02\/10 September 2019 1\/09\u00a0 \u00a0 \u00a02\/09 August 2019 1\/08\u00a0 \u00a0 \u00a02\/08\u00a0 \u00a0 \u00a03\/08 J\u00fal 2019 1\/07\u00a0 \u00a0 \u00a02\/07\u00a0 \u00a0 \u00a03\/07\u00a0 \u00a0 \u00a04\/07 J\u00fan 2019 1\/06\u00a0 \u00a0 \u00a02\/06 M\u00e1j 2019 1\/05\u00a0 \u00a0 \u00a02\/05\u00a0 \u00a0 \u00a03\/05\u00a0 \u00a0 \u00a04\/05 Apr\u00edl 2019 1\/04\u00a0 \u00a0 \u00a02\/04\u00a0 \u00a0 \u00a03\/04 <a class=\"read-more\" href=\"https:\/\/www.satb.sk\/index.php\/newsletter\/archiv-newslettrov\/2018-2019\/\">READ MORE<\/a><\/p>\n","protected":false},"author":1,"featured_media":0,"parent":665,"menu_order":0,"comment_status":"closed","ping_status":"closed","template":"","meta":{"om_disable_all_campaigns":false,"_monsterinsights_skip_tracking":false,"_monsterinsights_sitenote_active":false,"_monsterinsights_sitenote_note":"","_monsterinsights_sitenote_category":0,"spay_email":"","footnotes":""},"class_list":["post-5008","page","type-page","status-publish","hentry"],"aioseo_notices":[],"jetpack_sharing_enabled":true,"jetpack_shortlink":"https:\/\/wp.me\/Pav5wC-1iM","jetpack-related-posts":[{"id":5012,"url":"https:\/\/www.satb.sk\/index.php\/newsletter\/archiv-newslettrov\/archiv-2020\/","url_meta":{"origin":5008,"position":0},"title":"Arch\u00edv 2020","date":"2 janu\u00e1ra, 2020","format":false,"excerpt":"Marec 2020 1\/03\u00a0 \u00a0 2\/03 Febru\u00e1r 2020 1\/02\u00a0 \u00a0 2\/02\u00a0 \u00a0 3\/02 Janu\u00e1r 2020 1\/01","rel":"","context":"Podobn\u00fd pr\u00edspevok","img":{"alt_text":"","src":"","width":0,"height":0},"classes":[]},{"id":665,"url":"https:\/\/www.satb.sk\/index.php\/newsletter\/archiv-newslettrov\/","url_meta":{"origin":5008,"position":1},"title":"ARCH\u00cdV NEWSLETTROV","date":"20 janu\u00e1ra, 2019","format":false,"excerpt":"ARCH\u00cdV 2020 ARCH\u00cdV 2018\/2019","rel":"","context":"Podobn\u00fd pr\u00edspevok","img":{"alt_text":"","src":"","width":0,"height":0},"classes":[]},{"id":4731,"url":"https:\/\/www.satb.sk\/index.php\/magazin\/notovy-material\/adventny-kalendar\/adventny-kalendar-2019\/","url_meta":{"origin":5008,"position":2},"title":"ADVENTN\u00dd KALEND\u00c1R 2019","date":"1 decembra, 2019","format":false,"excerpt":"","rel":"","context":"Podobn\u00fd pr\u00edspevok","img":{"alt_text":"","src":"","width":0,"height":0},"classes":[]},{"id":5910,"url":"https:\/\/www.satb.sk\/index.php\/magazin\/notovy-material\/adventny-kalendar\/adventny-kalendar-2018-2020\/","url_meta":{"origin":5008,"position":3},"title":"ADVENTN\u00dd KALEND\u00c1R 2018 \u2013 2020","date":"17 novembra, 2021","format":false,"excerpt":"\u00a0 ADVENTN\u00dd KALEND\u00c1R 2020 ADVENTN\u00dd KALEND\u00c1R 2019 ADVENTN\u00dd KALEND\u00c1R 2018 \u00a0","rel":"","context":"Podobn\u00fd pr\u00edspevok","img":{"alt_text":"","src":"","width":0,"height":0},"classes":[]},{"id":4729,"url":"https:\/\/www.satb.sk\/index.php\/magazin\/notovy-material\/adventny-kalendar\/","url_meta":{"origin":5008,"position":4},"title":"ADVENTN\u00dd KALEND\u00c1R","date":"1 decembra, 2019","format":false,"excerpt":"ADVENTN\u00dd KALEND\u00c1R 2019 ADVENTN\u00dd KALEND\u00c1R 2018 \u00a0","rel":"","context":"Podobn\u00fd pr\u00edspevok","img":{"alt_text":"","src":"","width":0,"height":0},"classes":[]},{"id":661,"url":"https:\/\/www.satb.sk\/index.php\/newsletter\/","url_meta":{"origin":5008,"position":5},"title":"NEWSLETTER","date":"20 janu\u00e1ra, 2019","format":false,"excerpt":"PRIHL\u00c1SI\u0164 SA NA ODBER NEWSLETTRA \u00a0 ARCH\u00cdV NEWSLETTROV \u00a0","rel":"","context":"Podobn\u00fd pr\u00edspevok","img":{"alt_text":"","src":"","width":0,"height":0},"classes":[]}],"_links":{"self":[{"href":"https:\/\/www.satb.sk\/index.php\/wp-json\/wp\/v2\/pages\/5008"}],"collection":[{"href":"https:\/\/www.satb.sk\/index.php\/wp-json\/wp\/v2\/pages"}],"about":[{"href":"https:\/\/www.satb.sk\/index.php\/wp-json\/wp\/v2\/types\/page"}],"author":[{"embeddable":true,"href":"https:\/\/www.satb.sk\/index.php\/wp-json\/wp\/v2\/users\/1"}],"replies":[{"embeddable":true,"href":"https:\/\/www.satb.sk\/index.php\/wp-json\/wp\/v2\/comments?post=5008"}],"version-history":[{"count":5,"href":"https:\/\/www.satb.sk\/index.php\/wp-json\/wp\/v2\/pages\/5008\/revisions"}],"predecessor-version":[{"id":5118,"href":"https:\/\/www.satb.sk\/index.php\/wp-json\/wp\/v2\/pages\/5008\/revisions\/5118"}],"up":[{"embeddable":true,"href":"https:\/\/www.satb.sk\/index.php\/wp-json\/wp\/v2\/pages\/665"}],"wp:attachment":[{"href":"https:\/\/www.satb.sk\/index.php\/wp-json\/wp\/v2\/media?parent=5008"}],"curies":[{"name":"wp","href":"https:\/\/api.w.org\/{rel}","templated":true}]}}